{"id":834,"date":"2022-01-14T17:45:53","date_gmt":"2022-01-14T17:45:53","guid":{"rendered":"https:\/\/galileemedicalcenter.com\/vaccinations\/"},"modified":"2024-04-26T21:05:16","modified_gmt":"2024-04-26T21:05:16","slug":"vaccinations","status":"publish","type":"page","link":"https:\/\/galileemedicalcenter.com\/pl\/services\/vaccinations\/","title":{"rendered":"Szczepienia"},"content":{"rendered":"<div class=\"fusion-fullwidth fullwidth-box fusion-builder-row-1 fusion-flex-container nonhundred-percent-fullwidth non-hundred-percent-height-scrolling\" style=\"--awb-border-radius-top-left:0px;--awb-border-radius-top-right:0px;--awb-border-radius-bottom-right:0px;--awb-border-radius-bottom-left:0px;--awb-flex-wrap:wrap;\" ><div class=\"fusion-builder-row fusion-row fusion-flex-align-items-flex-start fusion-flex-content-wrap\" style=\"max-width:1248px;margin-left: calc(-4% \/ 2 );margin-right: calc(-4% \/ 2 );\"><div class=\"fusion-layout-column fusion_builder_column fusion-builder-column-0 fusion_builder_column_1_2 1_2 fusion-flex-column\" style=\"--awb-bg-size:cover;--awb-width-large:50%;--awb-margin-top-large:0px;--awb-spacing-right-large:3.84%;--awb-margin-bottom-large:20px;--awb-spacing-left-large:3.84%;--awb-width-medium:50%;--awb-order-medium:0;--awb-spacing-right-medium:3.84%;--awb-spacing-left-medium:3.84%;--awb-width-small:100%;--awb-order-small:0;--awb-spacing-right-small:1.92%;--awb-spacing-left-small:1.92%;\"><div class=\"fusion-column-wrapper fusion-column-has-shadow fusion-flex-justify-content-flex-start fusion-content-layout-column\"><div class=\"fusion-text fusion-text-1\"><p>Centrum Medyczne Galilee g\u0142\u0119boko wierzy w bezpiecze\u0144stwo i znaczenie rutynowych szczepie\u0144 dzieci. Dlatego wymagamy, aby wszyscy pacjenci byli szczepieni zgodnie z rutynowym harmonogramem szczepie\u0144 dla dzieci Ameryka\u0144skiej Akademii Pediatrii i Centrum Kontroli Chor\u00f3b.<\/p>\n<p>Wszystkie dzieci i m\u0142odzi doro\u015bli powinni otrzyma\u0107 wszystkie zalecane szczepionki zgodnie z harmonogramem opublikowanym przez Centers for Disease Control i American Academy of Pediatrics.<\/p>\n<\/div><div class=\"fusion-text fusion-text-2\"><p><img decoding=\"async\" class=\"alignnone wp-image-210 size-full\" src=\"http:\/\/galileemedicalcenter.com\/wp-content\/uploads\/2022\/01\/logo-aap1.jpg\" alt=\"\" width=\"315\" height=\"96\" srcset=\"https:\/\/galileemedicalcenter.com\/wp-content\/uploads\/2022\/01\/logo-aap1-200x61.jpg 200w, https:\/\/galileemedicalcenter.com\/wp-content\/uploads\/2022\/01\/logo-aap1-300x91.jpg 300w, https:\/\/galileemedicalcenter.com\/wp-content\/uploads\/2022\/01\/logo-aap1.jpg 315w\" sizes=\"(max-width: 315px) 100vw, 315px\" \/><br \/>AAP zajmuje si\u0119 zdrowiem wszystkich dzieci. Jego strona internetowa zawiera wiarygodne i autorytatywne porady dotycz\u0105ce r\u00f3\u017cnych kwestii zwi\u0105zanych ze zdrowiem dzieci, w tym szczepie\u0144.<br \/><a href=\"http:\/\/www.aap.org\/\" target=\"_blank\" rel=\"noopener\">Ameryka\u0144ska Akademia Pediatrii<\/a><\/p>\n<\/div><\/div><\/div><div class=\"fusion-layout-column fusion_builder_column fusion-builder-column-1 fusion_builder_column_1_2 1_2 fusion-flex-column\" style=\"--awb-bg-size:cover;--awb-width-large:50%;--awb-margin-top-large:0px;--awb-spacing-right-large:3.84%;--awb-margin-bottom-large:20px;--awb-spacing-left-large:3.84%;--awb-width-medium:50%;--awb-order-medium:0;--awb-spacing-right-medium:3.84%;--awb-spacing-left-medium:3.84%;--awb-width-small:100%;--awb-order-small:0;--awb-spacing-right-small:1.92%;--awb-spacing-left-small:1.92%;\"><div class=\"fusion-column-wrapper fusion-column-has-shadow fusion-flex-justify-content-flex-start fusion-content-layout-column\"><div class=\"fusion-image-element \" style=\"text-align:center;--awb-bottom-shadow-color:rgba(0,0,0,0.4);--awb-caption-title-font-family:var(--h2_typography-font-family);--awb-caption-title-font-weight:var(--h2_typography-font-weight);--awb-caption-title-font-style:var(--h2_typography-font-style);--awb-caption-title-size:var(--h2_typography-font-size);--awb-caption-title-transform:var(--h2_typography-text-transform);--awb-caption-title-line-height:var(--h2_typography-line-height);--awb-caption-title-letter-spacing:var(--h2_typography-letter-spacing);\"><div class=\"awb-image-frame awb-image-frame-1 awb-bottomshadow\"><span class=\" fusion-imageframe imageframe-bottomshadow imageframe-1 hover-type-none\"><img decoding=\"async\" width=\"600\" height=\"400\" title=\"Doctor using laptop and electronic medical record (EMR) system.\" src=\"https:\/\/galileemedicalcenter.com\/wp-content\/uploads\/2022\/01\/xboxvac.jpg\" alt class=\"img-responsive wp-image-148\" srcset=\"https:\/\/galileemedicalcenter.com\/wp-content\/uploads\/2022\/01\/xboxvac-200x133.jpg 200w, https:\/\/galileemedicalcenter.com\/wp-content\/uploads\/2022\/01\/xboxvac-400x267.jpg 400w, https:\/\/galileemedicalcenter.com\/wp-content\/uploads\/2022\/01\/xboxvac.jpg 600w\" sizes=\"(max-width: 640px) 100vw, 600px\" \/><\/span><svg xmlns=\"http:\/\/www.w3.org\/2000\/svg\" version=\"1.1\" width=\"100%\" viewBox=\"0 0 600 28\" preserveAspectRatio=\"none\"><g clip-path=\"url(#a)\"><mask id=\"b\" style=\"mask-type:luminance\" maskUnits=\"userSpaceOnUse\" x=\"0\" y=\"0\" width=\"600\" height=\"28\"><path d=\"M0 0h600v28H0V0Z\" fill=\"#fff\"\/><\/mask><g filter=\"url(#c)\" mask=\"url(#b)\"><path d=\"M16.439-18.667h567.123v30.8S438.961-8.4 300-8.4C161.04-8.4 16.438 12.133 16.438 12.133v-30.8Z\" fill=\"#000\"\/><\/g><\/g><defs><clipPath id=\"a\"><path fill=\"#fff\" d=\"M0 0h600v28H0z\"\/><\/clipPath><filter id=\"c\" x=\"5.438\" y=\"-29.667\" width=\"589.123\" height=\"52.8\" filterUnits=\"userSpaceOnUse\" color-interpolation-filters=\"sRGB\"><feFlood flood-opacity=\"0\" result=\"BackgroundImageFix\"\/><feBlend in=\"SourceGraphic\" in2=\"BackgroundImageFix\" result=\"shape\"\/><feGaussianBlur stdDeviation=\"5.5\" result=\"effect1_foregroundBlur_3983_183\"\/><\/filter><\/defs><\/svg><\/div><\/div><\/div><\/div><\/div><\/div>\n","protected":false},"excerpt":{"rendered":"","protected":false},"author":1,"featured_media":0,"parent":845,"menu_order":0,"comment_status":"closed","ping_status":"closed","template":"100-width.php","meta":{"footnotes":""},"class_list":["post-834","page","type-page","status-publish","hentry"],"_links":{"self":[{"href":"https:\/\/galileemedicalcenter.com\/pl\/wp-json\/wp\/v2\/pages\/834","targetHints":{"allow":["GET"]}}],"collection":[{"href":"https:\/\/galileemedicalcenter.com\/pl\/wp-json\/wp\/v2\/pages"}],"about":[{"href":"https:\/\/galileemedicalcenter.com\/pl\/wp-json\/wp\/v2\/types\/page"}],"author":[{"embeddable":true,"href":"https:\/\/galileemedicalcenter.com\/pl\/wp-json\/wp\/v2\/users\/1"}],"replies":[{"embeddable":true,"href":"https:\/\/galileemedicalcenter.com\/pl\/wp-json\/wp\/v2\/comments?post=834"}],"version-history":[{"count":17,"href":"https:\/\/galileemedicalcenter.com\/pl\/wp-json\/wp\/v2\/pages\/834\/revisions"}],"predecessor-version":[{"id":1083,"href":"https:\/\/galileemedicalcenter.com\/pl\/wp-json\/wp\/v2\/pages\/834\/revisions\/1083"}],"up":[{"embeddable":true,"href":"https:\/\/galileemedicalcenter.com\/pl\/wp-json\/wp\/v2\/pages\/845"}],"wp:attachment":[{"href":"https:\/\/galileemedicalcenter.com\/pl\/wp-json\/wp\/v2\/media?parent=834"}],"curies":[{"name":"wp","href":"https:\/\/api.w.org\/{rel}","templated":true}]}}